{"id":131,"date":"2021-01-08T10:32:15","date_gmt":"2021-01-08T10:32:15","guid":{"rendered":"https:\/\/missmann.cc\/?page_id=131"},"modified":"2021-01-09T06:08:05","modified_gmt":"2021-01-09T06:08:05","slug":"ausbaustile","status":"publish","type":"page","link":"https:\/\/missmann.cc\/?page_id=131","title":{"rendered":"Ausbaustile"},"content":{"rendered":"\n<div class=\"wp-block-media-text alignwide is-stacked-on-mobile\"><figure class=\"wp-block-media-text__media\"><img loading=\"lazy\" decoding=\"async\" width=\"1024\" height=\"1024\" src=\"https:\/\/missmann.cc\/wp-content\/uploads\/2021\/01\/VS-1_3-1024x1024.jpg\" alt=\"\" class=\"wp-image-132 size-full\" srcset=\"https:\/\/missmann.cc\/wp-content\/uploads\/2021\/01\/VS-1_3-1024x1024.jpg 1024w, https:\/\/missmann.cc\/wp-content\/uploads\/2021\/01\/VS-1_3-300x300.jpg 300w, https:\/\/missmann.cc\/wp-content\/uploads\/2021\/01\/VS-1_3-150x150.jpg 150w, https:\/\/missmann.cc\/wp-content\/uploads\/2021\/01\/VS-1_3-768x768.jpg 768w, https:\/\/missmann.cc\/wp-content\/uploads\/2021\/01\/VS-1_3.jpg 1252w\" sizes=\"(max-width: 1024px) 100vw, 1024px\" \/><\/figure><div class=\"wp-block-media-text__content\">\n<p class=\"has-large-font-size\">Tipo<\/p>\n\n\n\n<p><strong>Klassischer Ausbau im Edelstahltank<\/strong><\/p>\n\n\n\n<p>Um die Prim\u00e4rfrucht und Frische der Weine besonders zu betonen, erfolgt der Ausbau im Edelstahltank. <\/p>\n\n\n\n<p>Der Wein reift nahezu ohne jegliche \u00e4u\u00dfere Einfl\u00fcsse. Im Edelstahltank ist nur eine sehr geringe Menge an Sauerstoff vorhanden, was daf\u00fcr sorgt, dass Tipo-Weine ihre urspr\u00fcnglichen Aromen behalten.<\/p>\n\n\n\n<p>Diese Weine sind besonders fruchtaromatisch, frisch und rein. Da von au\u00dfen keinerlei Einfl\u00fcsse eindringen k\u00f6nnen, wird der enzymatische Prozess der beim Ausbau stattfindet extrem verlangsamt.<\/p>\n\n\n\n<p>Da bei der Verg\u00e4rung (temperaturgesteuert) und im Keller k\u00fchle Temperaturen herrschen, sorgt dies f\u00fcr sehr frische und fruchtige Weine.<\/p>\n<\/div><\/div>\n\n\n\n<div class=\"wp-block-media-text alignwide has-media-on-the-right is-stacked-on-mobile\"><figure class=\"wp-block-media-text__media\"><img loading=\"lazy\" decoding=\"async\" width=\"1024\" height=\"1024\" src=\"https:\/\/missmann.cc\/wp-content\/uploads\/2021\/01\/VS-1_2-1024x1024.jpg\" alt=\"\" class=\"wp-image-133 size-full\" srcset=\"https:\/\/missmann.cc\/wp-content\/uploads\/2021\/01\/VS-1_2-1024x1024.jpg 1024w, https:\/\/missmann.cc\/wp-content\/uploads\/2021\/01\/VS-1_2-300x300.jpg 300w, https:\/\/missmann.cc\/wp-content\/uploads\/2021\/01\/VS-1_2-150x150.jpg 150w, https:\/\/missmann.cc\/wp-content\/uploads\/2021\/01\/VS-1_2-768x768.jpg 768w, https:\/\/missmann.cc\/wp-content\/uploads\/2021\/01\/VS-1_2.jpg 1252w\" sizes=\"(max-width: 1024px) 100vw, 1024px\" \/><\/figure><div class=\"wp-block-media-text__content\">\n<p class=\"has-large-font-size\">Puro<\/p>\n\n\n\n<p><strong>Ausbau im gebrauchten kleinen Eichenfass<\/strong><\/p>\n\n\n\n<p>Der oxidative Ausbau im Holzfass ist das genaue Gegenst\u00fcck zu den v\u00f6llig neutralen Edelstahltanks und bereichert den Wein mit Aromen von Vanille, Tabak, Karamell oder Schokolade. Dazu&nbsp;kommt noch die Tatsache, dass Holzf\u00e4sser nicht ganz luftdicht sind. Der minimale Sauerstoffkontakt bewirkt eine gewollte Oxydation und l\u00e4sst Weine nach einer gewissen Reifezeit weicher wirken \u2013 die adstringierenden Tannine sind f\u00f6rmlich abgeschliffen.<\/p>\n\n\n\n<p>Zudem bietet das \u201eKlima\u201c in einem Holzfass ideale Voraussetzung f\u00fcr die sogenannte malolaktische G\u00e4rung \u2013 ein Vorgang, bei dem die im Wein enthaltene Apfels\u00e4ure in Milchs\u00e4ure umgewandelt wird. Der Wein wirkt anschlie\u00dfend weniger s\u00e4urebetont und besitzt eine gewisse Cremigkeit. <\/p>\n<\/div><\/div>\n\n\n\n<div class=\"wp-block-media-text alignwide is-stacked-on-mobile\"><figure class=\"wp-block-media-text__media\"><img loading=\"lazy\" decoding=\"async\" width=\"1024\" height=\"1024\" src=\"https:\/\/missmann.cc\/wp-content\/uploads\/2021\/01\/VS-1_4-1024x1024.jpg\" alt=\"\" class=\"wp-image-134 size-full\" srcset=\"https:\/\/missmann.cc\/wp-content\/uploads\/2021\/01\/VS-1_4-1024x1024.jpg 1024w, https:\/\/missmann.cc\/wp-content\/uploads\/2021\/01\/VS-1_4-300x300.jpg 300w, https:\/\/missmann.cc\/wp-content\/uploads\/2021\/01\/VS-1_4-150x150.jpg 150w, https:\/\/missmann.cc\/wp-content\/uploads\/2021\/01\/VS-1_4-768x768.jpg 768w, https:\/\/missmann.cc\/wp-content\/uploads\/2021\/01\/VS-1_4.jpg 1252w\" sizes=\"(max-width: 1024px) 100vw, 1024px\" \/><\/figure><div class=\"wp-block-media-text__content\">\n<p class=\"has-large-font-size\">Luna<\/p>\n\n\n\n<p><strong>Orange Wein &#8211; maischevergoren<\/strong><\/p>\n\n\n\n<p>Bei Orange Weinen handelt es sich um Weine aus wei\u00dfen Trauben, die einer Maischeg\u00e4rung unterzogen wurden. Das hei\u00dft, dass die alkoholische G\u00e4rung mit den Beerenschalen erfolgt ist, wie es sonst nur bei Rotweinen \u00fcblich ist.<\/p>\n\n\n\n<p>Durch die bei der Mazeration aus den Traubenschalen gel\u00f6sten Farbpigmente bekommt der Wein seine \u201corange\u201d Farbe und somit auch einen Bezeichnung. Weine, die so ausgebaut sind, sind in ihrer Textur pr\u00e4gnant, dicht, aromatisch und komplex.<\/p>\n\n\n\n<p>Das Spannende an Orange Weinen ist, dass sie in Farbe, Geschmack und Geruch sehr unterschiedlich sein k\u00f6nnen. Die einen sch\u00e4tzen seinen komplexen Charakter, die anderen k\u00f6nnen mit dem einzigartigen, aber auch polarisierenden Geschmack wenig anfangen. &nbsp;<\/p>\n<\/div><\/div>\n\n\n\n<div class=\"wp-block-media-text alignwide has-media-on-the-right is-stacked-on-mobile\"><figure class=\"wp-block-media-text__media\"><img loading=\"lazy\" decoding=\"async\" width=\"1024\" height=\"1024\" src=\"https:\/\/missmann.cc\/wp-content\/uploads\/2021\/01\/VS-1_1-1024x1024.jpg\" alt=\"\" class=\"wp-image-135 size-full\" srcset=\"https:\/\/missmann.cc\/wp-content\/uploads\/2021\/01\/VS-1_1-1024x1024.jpg 1024w, https:\/\/missmann.cc\/wp-content\/uploads\/2021\/01\/VS-1_1-300x300.jpg 300w, https:\/\/missmann.cc\/wp-content\/uploads\/2021\/01\/VS-1_1-150x150.jpg 150w, https:\/\/missmann.cc\/wp-content\/uploads\/2021\/01\/VS-1_1-768x768.jpg 768w, https:\/\/missmann.cc\/wp-content\/uploads\/2021\/01\/VS-1_1.jpg 1252w\" sizes=\"(max-width: 1024px) 100vw, 1024px\" \/><\/figure><div class=\"wp-block-media-text__content\">\n<p class=\"has-large-font-size\">Perla<\/p>\n\n\n\n<p><strong>Perlage inklusive<\/strong><\/p>\n\n\n\n<p>Fruchtig frischer Tipo-Wein ist die Grundlage f\u00fcr unseren Perla.<\/p>\n\n\n\n<p>Durch die Kohlens\u00e4ure kommt die Frucht noch besser zur Geltung denn durch sie werden die Aromen des Grundweines noch verst\u00e4rkt.  <\/p>\n\n\n\n<p>Erfrischend fruchtig, sortentypisches Aroma, geschmeidig, zugleich kr\u00e4ftig und charaktervoll pr\u00e4sentiert sich unser Perla.<\/p>\n\n\n\n<p>Prickelnd und frisch auf der Zunge. S\u00e4ure und Zucker verschmelzen zu einer wunderbaren Einheit, die als Aperitif, zu feierlichen Anl\u00e4ssen oder einfach zum Entspannen Genuss verspricht.<\/p>\n\n\n\n<p>Das alles l\u00e4sst Perla prickeln und sorgt f\u00fcr den von jungen Fruchtaromen gepr\u00e4gten, leichten Geschmack und zarten Mousseux. <\/p>\n\n\n\n<p><\/p>\n<\/div><\/div>\n","protected":false},"excerpt":{"rendered":"<p>Tipo Klassischer Ausbau im Edelstahltank Um die Prim\u00e4rfrucht und Frische der Weine besonders zu betonen, erfolgt der Ausbau im Edelstahltank. Der Wein reift nahezu ohne jegliche \u00e4u\u00dfere Einfl\u00fcsse. Im Edelstahltank ist nur eine sehr geringe Menge an Sauerstoff vorhanden, was daf\u00fcr sorgt, dass Tipo-Weine ihre urspr\u00fcnglichen Aromen behalten. Diese Weine sind besonders fruchtaromatisch, frisch und [&hellip;]<\/p>\n","protected":false},"author":1,"featured_media":0,"parent":0,"menu_order":0,"comment_status":"closed","ping_status":"closed","template":"","meta":{"ocean_post_layout":"full-width","ocean_both_sidebars_style":"","ocean_both_sidebars_content_width":0,"ocean_both_sidebars_sidebars_width":0,"ocean_sidebar":"0","ocean_second_sidebar":"0","ocean_disable_margins":"enable","ocean_add_body_class":"","ocean_shortcode_before_top_bar":"","ocean_shortcode_after_top_bar":"","ocean_shortcode_before_header":"","ocean_shortcode_after_header":"","ocean_has_shortcode":"","ocean_shortcode_after_title":"","ocean_shortcode_before_footer_widgets":"","ocean_shortcode_after_footer_widgets":"","ocean_shortcode_before_footer_bottom":"","ocean_shortcode_after_footer_bottom":"","ocean_display_top_bar":"default","ocean_display_header":"default","ocean_header_style":"","ocean_center_header_left_menu":"0","ocean_custom_header_template":"0","ocean_custom_logo":0,"ocean_custom_retina_logo":0,"ocean_custom_logo_max_width":0,"ocean_custom_logo_tablet_max_width":0,"ocean_custom_logo_mobile_max_width":0,"ocean_custom_logo_max_height":0,"ocean_custom_logo_tablet_max_height":0,"ocean_custom_logo_mobile_max_height":0,"ocean_header_custom_menu":"0","ocean_menu_typo_font_family":"0","ocean_menu_typo_font_subset":"","ocean_menu_typo_font_size":0,"ocean_menu_typo_font_size_tablet":0,"ocean_menu_typo_font_size_mobile":0,"ocean_menu_typo_font_size_unit":"px","ocean_menu_typo_font_weight":"","ocean_menu_typo_font_weight_tablet":"","ocean_menu_typo_font_weight_mobile":"","ocean_menu_typo_transform":"","ocean_menu_typo_transform_tablet":"","ocean_menu_typo_transform_mobile":"","ocean_menu_typo_line_height":0,"ocean_menu_typo_line_height_tablet":0,"ocean_menu_typo_line_height_mobile":0,"ocean_menu_typo_line_height_unit":"","ocean_menu_typo_spacing":0,"ocean_menu_typo_spacing_tablet":0,"ocean_menu_typo_spacing_mobile":0,"ocean_menu_typo_spacing_unit":"","ocean_menu_link_color":"","ocean_menu_link_color_hover":"","ocean_menu_link_color_active":"","ocean_menu_link_background":"","ocean_menu_link_hover_background":"","ocean_menu_link_active_background":"","ocean_menu_social_links_bg":"","ocean_menu_social_hover_links_bg":"","ocean_menu_social_links_color":"","ocean_menu_social_hover_links_color":"","ocean_disable_title":"on","ocean_disable_heading":"default","ocean_post_title":"","ocean_post_subheading":"","ocean_post_title_style":"","ocean_post_title_background_color":"","ocean_post_title_background":0,"ocean_post_title_bg_image_position":"","ocean_post_title_bg_image_attachment":"","ocean_post_title_bg_image_repeat":"","ocean_post_title_bg_image_size":"","ocean_post_title_height":0,"ocean_post_title_bg_overlay":0.5,"ocean_post_title_bg_overlay_color":"","ocean_disable_breadcrumbs":"default","ocean_breadcrumbs_color":"","ocean_breadcrumbs_separator_color":"","ocean_breadcrumbs_links_color":"","ocean_breadcrumbs_links_hover_color":"","ocean_display_footer_widgets":"default","ocean_display_footer_bottom":"default","ocean_custom_footer_template":"0","footnotes":""},"_links":{"self":[{"href":"https:\/\/missmann.cc\/index.php?rest_route=\/wp\/v2\/pages\/131"}],"collection":[{"href":"https:\/\/missmann.cc\/index.php?rest_route=\/wp\/v2\/pages"}],"about":[{"href":"https:\/\/missmann.cc\/index.php?rest_route=\/wp\/v2\/types\/page"}],"author":[{"embeddable":true,"href":"https:\/\/missmann.cc\/index.php?rest_route=\/wp\/v2\/users\/1"}],"replies":[{"embeddable":true,"href":"https:\/\/missmann.cc\/index.php?rest_route=%2Fwp%2Fv2%2Fcomments&post=131"}],"version-history":[{"count":23,"href":"https:\/\/missmann.cc\/index.php?rest_route=\/wp\/v2\/pages\/131\/revisions"}],"predecessor-version":[{"id":197,"href":"https:\/\/missmann.cc\/index.php?rest_route=\/wp\/v2\/pages\/131\/revisions\/197"}],"wp:attachment":[{"href":"https:\/\/missmann.cc\/index.php?rest_route=%2Fwp%2Fv2%2Fmedia&parent=131"}],"curies":[{"name":"wp","href":"https:\/\/api.w.org\/{rel}","templated":true}]}}