{"id":15,"date":"2021-01-04T03:58:49","date_gmt":"2021-01-04T03:58:49","guid":{"rendered":"https:\/\/missmann.cc\/?page_id=15"},"modified":"2021-01-05T05:38:17","modified_gmt":"2021-01-05T05:38:17","slug":"startseite","status":"publish","type":"page","link":"https:\/\/missmann.cc\/","title":{"rendered":"Startseite"},"content":{"rendered":"\n<div class=\"wp-block-media-text alignwide is-stacked-on-mobile is-image-fill\"><figure class=\"wp-block-media-text__media\" style=\"background-image:url(https:\/\/missmann.cc\/wp-content\/uploads\/2021\/01\/Zwei-Weinglaeser-683x1024.jpg);background-position:36% 68%\"><img loading=\"lazy\" decoding=\"async\" width=\"683\" height=\"1024\" src=\"https:\/\/missmann.cc\/wp-content\/uploads\/2021\/01\/Zwei-Weinglaeser-683x1024.jpg\" alt=\"\" class=\"wp-image-16 size-full\" srcset=\"https:\/\/missmann.cc\/wp-content\/uploads\/2021\/01\/Zwei-Weinglaeser-683x1024.jpg 683w, https:\/\/missmann.cc\/wp-content\/uploads\/2021\/01\/Zwei-Weinglaeser-200x300.jpg 200w, https:\/\/missmann.cc\/wp-content\/uploads\/2021\/01\/Zwei-Weinglaeser-768x1152.jpg 768w, https:\/\/missmann.cc\/wp-content\/uploads\/2021\/01\/Zwei-Weinglaeser-1024x1536.jpg 1024w, https:\/\/missmann.cc\/wp-content\/uploads\/2021\/01\/Zwei-Weinglaeser-1365x2048.jpg 1365w, https:\/\/missmann.cc\/wp-content\/uploads\/2021\/01\/Zwei-Weinglaeser-scaled.jpg 1707w\" sizes=\"(max-width: 683px) 100vw, 683px\" \/><\/figure><div class=\"wp-block-media-text__content\">\n<p>UNSER GRUNDGEDANKE<\/p>\n\n\n\n<p>Durch die Arbeit in Weinberg und Keller wollen wir die urspr\u00fcnglichen Eigenschaften des Weins optimal zur Geltung bringen.&nbsp;<\/p>\n\n\n\n<p>Unsere Vision ist es, die Trauben beim Wachstum bei der Reifung zu begleiten, das Mikroklima zu verstehen und den Weinstock und die Umwelt sorgsam zu behandeln.<\/p>\n\n\n\n<p>Den durch unsere Arbeit und \u00e4u\u00dfere Einfl\u00fcsse entstehenden Fingerabdruck begleiten wir dann in die Flasche. Die Grundlage f\u00fcr unsere Stilistik &#8211; die sich am besten mit den Worten nat\u00fcrlich, herkunftsgepr\u00e4gt und langlebig beschreiben l\u00e4sst.<\/p>\n\n\n\n<p>Es tut gut, geduldig zu beobachten, was im Stillen in der Natur geschieht, und es geschieht meist das Beste, wenn so wenig wie m\u00f6glich eingegriffen wird.<\/p>\n<\/div><\/div>\n\n\n\n<p><\/p>\n","protected":false},"excerpt":{"rendered":"<p>UNSER GRUNDGEDANKE Durch die Arbeit in Weinberg und Keller wollen wir die urspr\u00fcnglichen Eigenschaften des Weins optimal zur Geltung bringen.&nbsp; Unsere Vision ist es, die Trauben beim Wachstum bei der Reifung zu begleiten, das Mikroklima zu verstehen und den Weinstock und die Umwelt sorgsam zu behandeln. Den durch unsere Arbeit und \u00e4u\u00dfere Einfl\u00fcsse entstehenden Fingerabdruck [&hellip;]<\/p>\n","protected":false},"author":1,"featured_media":0,"parent":0,"menu_order":0,"comment_status":"closed","ping_status":"closed","template":"","meta":{"ocean_post_layout":"full-width","ocean_both_sidebars_style":"","ocean_both_sidebars_content_width":0,"ocean_both_sidebars_sidebars_width":0,"ocean_sidebar":"0","ocean_second_sidebar":"0","ocean_disable_margins":"enable","ocean_add_body_class":"","ocean_shortcode_before_top_bar":"","ocean_shortcode_after_top_bar":"","ocean_shortcode_before_header":"","ocean_shortcode_after_header":"","ocean_has_shortcode":"","ocean_shortcode_after_title":"","ocean_shortcode_before_footer_widgets":"","ocean_shortcode_after_footer_widgets":"","ocean_shortcode_before_footer_bottom":"","ocean_shortcode_after_footer_bottom":"","ocean_display_top_bar":"default","ocean_display_header":"default","ocean_header_style":"","ocean_center_header_left_menu":"0","ocean_custom_header_template":"0","ocean_custom_logo":0,"ocean_custom_retina_logo":0,"ocean_custom_logo_max_width":0,"ocean_custom_logo_tablet_max_width":0,"ocean_custom_logo_mobile_max_width":0,"ocean_custom_logo_max_height":0,"ocean_custom_logo_tablet_max_height":0,"ocean_custom_logo_mobile_max_height":0,"ocean_header_custom_menu":"0","ocean_menu_typo_font_family":"0","ocean_menu_typo_font_subset":"","ocean_menu_typo_font_size":0,"ocean_menu_typo_font_size_tablet":0,"ocean_menu_typo_font_size_mobile":0,"ocean_menu_typo_font_size_unit":"px","ocean_menu_typo_font_weight":"","ocean_menu_typo_font_weight_tablet":"","ocean_menu_typo_font_weight_mobile":"","ocean_menu_typo_transform":"","ocean_menu_typo_transform_tablet":"","ocean_menu_typo_transform_mobile":"","ocean_menu_typo_line_height":0,"ocean_menu_typo_line_height_tablet":0,"ocean_menu_typo_line_height_mobile":0,"ocean_menu_typo_line_height_unit":"","ocean_menu_typo_spacing":0,"ocean_menu_typo_spacing_tablet":0,"ocean_menu_typo_spacing_mobile":0,"ocean_menu_typo_spacing_unit":"","ocean_menu_link_color":"","ocean_menu_link_color_hover":"","ocean_menu_link_color_active":"","ocean_menu_link_background":"","ocean_menu_link_hover_background":"","ocean_menu_link_active_background":"","ocean_menu_social_links_bg":"","ocean_menu_social_hover_links_bg":"","ocean_menu_social_links_color":"","ocean_menu_social_hover_links_color":"","ocean_disable_title":"on","ocean_disable_heading":"default","ocean_post_title":"","ocean_post_subheading":"","ocean_post_title_style":"","ocean_post_title_background_color":"","ocean_post_title_background":0,"ocean_post_title_bg_image_position":"","ocean_post_title_bg_image_attachment":"","ocean_post_title_bg_image_repeat":"","ocean_post_title_bg_image_size":"","ocean_post_title_height":0,"ocean_post_title_bg_overlay":0.5,"ocean_post_title_bg_overlay_color":"","ocean_disable_breadcrumbs":"default","ocean_breadcrumbs_color":"","ocean_breadcrumbs_separator_color":"","ocean_breadcrumbs_links_color":"","ocean_breadcrumbs_links_hover_color":"","ocean_display_footer_widgets":"default","ocean_display_footer_bottom":"default","ocean_custom_footer_template":"0","footnotes":""},"_links":{"self":[{"href":"https:\/\/missmann.cc\/index.php?rest_route=\/wp\/v2\/pages\/15"}],"collection":[{"href":"https:\/\/missmann.cc\/index.php?rest_route=\/wp\/v2\/pages"}],"about":[{"href":"https:\/\/missmann.cc\/index.php?rest_route=\/wp\/v2\/types\/page"}],"author":[{"embeddable":true,"href":"https:\/\/missmann.cc\/index.php?rest_route=\/wp\/v2\/users\/1"}],"replies":[{"embeddable":true,"href":"https:\/\/missmann.cc\/index.php?rest_route=%2Fwp%2Fv2%2Fcomments&post=15"}],"version-history":[{"count":4,"href":"https:\/\/missmann.cc\/index.php?rest_route=\/wp\/v2\/pages\/15\/revisions"}],"predecessor-version":[{"id":73,"href":"https:\/\/missmann.cc\/index.php?rest_route=\/wp\/v2\/pages\/15\/revisions\/73"}],"wp:attachment":[{"href":"https:\/\/missmann.cc\/index.php?rest_route=%2Fwp%2Fv2%2Fmedia&parent=15"}],"curies":[{"name":"wp","href":"https:\/\/api.w.org\/{rel}","templated":true}]}}