{"id":208,"date":"2021-01-12T02:23:51","date_gmt":"2021-01-12T02:23:51","guid":{"rendered":"https:\/\/missmann.cc\/?page_id=208"},"modified":"2023-12-08T05:03:42","modified_gmt":"2023-12-08T05:03:42","slug":"ueber-uns","status":"publish","type":"page","link":"https:\/\/missmann.cc\/?page_id=208","title":{"rendered":"\u00fcber uns"},"content":{"rendered":"\n<p><\/p>\n\n\n\n<p>Es war schon immer unser Wunsch, im Weingarten zu leben. Mit dem Kauf eines entsprechenden Grundst\u00fccks 2013 legten wir den Grundstein f\u00fcr ein neues Wohnhaus und einen eigenen kleinen, aber feinen Weingarten.<\/p>\n\n\n\n<p>Wir waren \u00fcber 30 Jahre als Unternehmer in der IT t\u00e4tig. Nach der Gr\u00fcndung des Unternehmens 1989 mit 4 Mitarbeitern sind wir im Lauf der Jahre zu einem marktf\u00fchrenden Mittelstandsunternehmen mit mehr als 100 Mitarbeitern gewachsen.<\/p>\n\n\n\n<p>Als Quereinsteiger bewirtschaften wir seit dem R\u00fcckzug aus der Gesch\u00e4ftsf\u00fchrung einen Weingarten mit rund 1500 Rebst\u00f6cken. Der Weingarten, wo unsere Reben wachsen, liegt direkt vor unserem Wohnzimmer und es f\u00e4llt uns leicht, viel Zeit im Weingarten zu verbringen.<\/p>\n\n\n\n<figure class=\"wp-block-image size-full\"><img loading=\"lazy\" decoding=\"async\" width=\"1000\" height=\"667\" src=\"https:\/\/missmann.cc\/wp-content\/uploads\/2021\/11\/Weingarten-mit-Haus-2967.jpg\" alt=\"\" class=\"wp-image-271\" srcset=\"https:\/\/missmann.cc\/wp-content\/uploads\/2021\/11\/Weingarten-mit-Haus-2967.jpg 1000w, https:\/\/missmann.cc\/wp-content\/uploads\/2021\/11\/Weingarten-mit-Haus-2967-300x200.jpg 300w, https:\/\/missmann.cc\/wp-content\/uploads\/2021\/11\/Weingarten-mit-Haus-2967-768x512.jpg 768w, https:\/\/missmann.cc\/wp-content\/uploads\/2021\/11\/Weingarten-mit-Haus-2967-150x100.jpg 150w, https:\/\/missmann.cc\/wp-content\/uploads\/2021\/11\/Weingarten-mit-Haus-2967-600x400.jpg 600w\" sizes=\"(max-width: 1000px) 100vw, 1000px\" \/><\/figure>\n\n\n\n<p>Es ist unsere Leidenschaft, hochwertige Weine in liebevoller Handarbeit zu machen. Bei der Lese, der einzige Zeitpunkt in unserem Weingut, wo es schnell gehen muss, unterst\u00fctzen uns Freunde. Die restliche Arbeit in Weingarten und Keller bewerkstelligen wir zu zweit \u2013 nat\u00fcrlich immer in Begleitung unseres Portugiesischen Wasserhunds Caio.<\/p>\n\n\n\n<p>Bewusstsein f\u00fcr Qualit\u00e4t, Natur und Verantwortung sind die Voraussetzungen einer Einstellung, die wundervolle, aussagekr\u00e4ftige Weine entstehen l\u00e4sst. Durch die Arbeit in Weinberg und Keller wollen wir die urspr\u00fcnglichen Eigenschaften des Weins optimal zur Geltung bringen. Unsere Vision ist es, die Trauben beim Wachstum zu begleiten, das Mikroklima zu verstehen und den Weinstock und die Umwelt sorgsam zu behandeln.<\/p>\n\n\n\n<p>Ein vitaler Organismus kann widrigen Umst\u00e4nden und Krankheiten besser widerstehen als ein schwacher. Daher steht die St\u00e4rkung der nat\u00fcrlichen Abwehrkr\u00e4fte unserer Rebst\u00f6cke im Mittelpunkt. Lockere Laubwandgestaltung und das Ausbringen von Kr\u00e4utertees und Pflegemitteln sind f\u00fcr uns wichtige Ma\u00dfnahmen. Obwohl f\u00fcr uns selbstverst\u00e4ndlich wollen wir nicht unerw\u00e4hnt lassen, dass chemische und synthetische Mittel bei uns nicht zur Anwendung kommen.<\/p>\n\n\n\n<p>Den durch unsere Arbeit und \u00e4u\u00dfere Einfl\u00fcsse entstehenden Fingerabdruck begleiten wir dann in die Flasche. Die Grundlage f\u00fcr unsere Stilistik \u2013 die sich am besten mit den Worten nat\u00fcrlich, herkunftsgepr\u00e4gt und langlebig beschreiben l\u00e4sst. Es tut gut, geduldig zu beobachten, was im Stillen in der Natur geschieht, und es geschieht meist das Beste, wenn so wenig wie m\u00f6glich eingegriffen wird.<\/p>\n\n\n\n<p>Wir arbeiten mit Bewusstsein und Einf\u00fchlungsverm\u00f6gen und erzielen dadurch keine Zufallsergebnisse, sondern Weine mit Charakter und Seele. In unseren Weinen sollen sich die Strahlkraft der Natur und auch unsere Betriebsphilosophie widerspiegeln.<\/p>\n\n\n\n<p>Das Ergebnis sind individuelle, bek\u00f6mmliche Weine mit Komplexit\u00e4t, Finesse und Charakter.<\/p>\n\n\n\n<p>Da wir uns in erster Linie als Weinbauern verstehen und viel Zeit in Weingarten und Keller verbringen, bitten wir um Verst\u00e4ndnis, dass ein Ab-Hof-Verkauf nur nach telefonischer Terminvereinbarung unter +43 664 417 48 30 m\u00f6glich ist.<\/p>\n\n\n\n<p><\/p>\n","protected":false},"excerpt":{"rendered":"<p>Es war schon immer unser Wunsch, im Weingarten zu leben. Mit dem Kauf eines entsprechenden Grundst\u00fccks 2013 legten wir den Grundstein f\u00fcr ein neues Wohnhaus und einen eigenen kleinen, aber feinen Weingarten. Wir waren \u00fcber 30 Jahre als Unternehmer in der IT t\u00e4tig. Nach der Gr\u00fcndung des Unternehmens 1989 mit 4 Mitarbeitern sind wir im [&hellip;]<\/p>\n","protected":false},"author":1,"featured_media":0,"parent":0,"menu_order":0,"comment_status":"closed","ping_status":"closed","template":"","meta":{"ocean_post_layout":"full-width","ocean_both_sidebars_style":"","ocean_both_sidebars_content_width":0,"ocean_both_sidebars_sidebars_width":0,"ocean_sidebar":"0","ocean_second_sidebar":"0","ocean_disable_margins":"enable","ocean_add_body_class":"","ocean_shortcode_before_top_bar":"","ocean_shortcode_after_top_bar":"","ocean_shortcode_before_header":"","ocean_shortcode_after_header":"","ocean_has_shortcode":"","ocean_shortcode_after_title":"","ocean_shortcode_before_footer_widgets":"","ocean_shortcode_after_footer_widgets":"","ocean_shortcode_before_footer_bottom":"","ocean_shortcode_after_footer_bottom":"","ocean_display_top_bar":"default","ocean_display_header":"default","ocean_header_style":"","ocean_center_header_left_menu":"0","ocean_custom_header_template":"0","ocean_custom_logo":0,"ocean_custom_retina_logo":0,"ocean_custom_logo_max_width":0,"ocean_custom_logo_tablet_max_width":0,"ocean_custom_logo_mobile_max_width":0,"ocean_custom_logo_max_height":0,"ocean_custom_logo_tablet_max_height":0,"ocean_custom_logo_mobile_max_height":0,"ocean_header_custom_menu":"0","ocean_menu_typo_font_family":"0","ocean_menu_typo_font_subset":"","ocean_menu_typo_font_size":0,"ocean_menu_typo_font_size_tablet":0,"ocean_menu_typo_font_size_mobile":0,"ocean_menu_typo_font_size_unit":"px","ocean_menu_typo_font_weight":"","ocean_menu_typo_font_weight_tablet":"","ocean_menu_typo_font_weight_mobile":"","ocean_menu_typo_transform":"","ocean_menu_typo_transform_tablet":"","ocean_menu_typo_transform_mobile":"","ocean_menu_typo_line_height":0,"ocean_menu_typo_line_height_tablet":0,"ocean_menu_typo_line_height_mobile":0,"ocean_menu_typo_line_height_unit":"","ocean_menu_typo_spacing":0,"ocean_menu_typo_spacing_tablet":0,"ocean_menu_typo_spacing_mobile":0,"ocean_menu_typo_spacing_unit":"","ocean_menu_link_color":"","ocean_menu_link_color_hover":"","ocean_menu_link_color_active":"","ocean_menu_link_background":"","ocean_menu_link_hover_background":"","ocean_menu_link_active_background":"","ocean_menu_social_links_bg":"","ocean_menu_social_hover_links_bg":"","ocean_menu_social_links_color":"","ocean_menu_social_hover_links_color":"","ocean_disable_title":"default","ocean_disable_heading":"default","ocean_post_title":"","ocean_post_subheading":"","ocean_post_title_style":"","ocean_post_title_background_color":"","ocean_post_title_background":0,"ocean_post_title_bg_image_position":"","ocean_post_title_bg_image_attachment":"","ocean_post_title_bg_image_repeat":"","ocean_post_title_bg_image_size":"","ocean_post_title_height":0,"ocean_post_title_bg_overlay":0.5,"ocean_post_title_bg_overlay_color":"","ocean_disable_breadcrumbs":"default","ocean_breadcrumbs_color":"","ocean_breadcrumbs_separator_color":"","ocean_breadcrumbs_links_color":"","ocean_breadcrumbs_links_hover_color":"","ocean_display_footer_widgets":"default","ocean_display_footer_bottom":"default","ocean_custom_footer_template":"0","footnotes":""},"_links":{"self":[{"href":"https:\/\/missmann.cc\/index.php?rest_route=\/wp\/v2\/pages\/208"}],"collection":[{"href":"https:\/\/missmann.cc\/index.php?rest_route=\/wp\/v2\/pages"}],"about":[{"href":"https:\/\/missmann.cc\/index.php?rest_route=\/wp\/v2\/types\/page"}],"author":[{"embeddable":true,"href":"https:\/\/missmann.cc\/index.php?rest_route=\/wp\/v2\/users\/1"}],"replies":[{"embeddable":true,"href":"https:\/\/missmann.cc\/index.php?rest_route=%2Fwp%2Fv2%2Fcomments&post=208"}],"version-history":[{"count":8,"href":"https:\/\/missmann.cc\/index.php?rest_route=\/wp\/v2\/pages\/208\/revisions"}],"predecessor-version":[{"id":303,"href":"https:\/\/missmann.cc\/index.php?rest_route=\/wp\/v2\/pages\/208\/revisions\/303"}],"wp:attachment":[{"href":"https:\/\/missmann.cc\/index.php?rest_route=%2Fwp%2Fv2%2Fmedia&parent=208"}],"curies":[{"name":"wp","href":"https:\/\/api.w.org\/{rel}","templated":true}]}}