{"id":26,"date":"2021-01-04T05:37:05","date_gmt":"2021-01-04T05:37:05","guid":{"rendered":"https:\/\/missmann.cc\/?page_id=26"},"modified":"2021-01-05T05:41:25","modified_gmt":"2021-01-05T05:41:25","slug":"biodiversitaet","status":"publish","type":"page","link":"https:\/\/missmann.cc\/?page_id=26","title":{"rendered":"Biodiversit\u00e4t"},"content":{"rendered":"\n<div class=\"wp-block-media-text alignwide is-stacked-on-mobile is-image-fill\"><figure class=\"wp-block-media-text__media\" style=\"background-image:url(https:\/\/missmann.cc\/wp-content\/uploads\/2021\/01\/Blumenwiese-1-1024x852.jpg);background-position:50% 50%\"><img loading=\"lazy\" decoding=\"async\" width=\"1024\" height=\"852\" src=\"https:\/\/missmann.cc\/wp-content\/uploads\/2021\/01\/Blumenwiese-1-1024x852.jpg\" alt=\"\" class=\"wp-image-30 size-full\" srcset=\"https:\/\/missmann.cc\/wp-content\/uploads\/2021\/01\/Blumenwiese-1-1024x852.jpg 1024w, https:\/\/missmann.cc\/wp-content\/uploads\/2021\/01\/Blumenwiese-1-300x250.jpg 300w, https:\/\/missmann.cc\/wp-content\/uploads\/2021\/01\/Blumenwiese-1-768x639.jpg 768w, https:\/\/missmann.cc\/wp-content\/uploads\/2021\/01\/Blumenwiese-1-1536x1279.jpg 1536w, https:\/\/missmann.cc\/wp-content\/uploads\/2021\/01\/Blumenwiese-1.jpg 1624w\" sizes=\"(max-width: 1024px) 100vw, 1024px\" \/><\/figure><div class=\"wp-block-media-text__content\">\n<p><strong>BIODIVERSIT\u00c4T<\/strong><\/p>\n\n\n\n<p><strong>\u00a0\u201eVielfalt erhalten\u201c<\/strong><\/p>\n\n\n\n<p>Der konventionelle Weinbau wird heute vorwiegend als Monokultur betrieben \u2013 Beziehungen mit anderen Arten werden weitgehend vermieden.<\/p>\n\n\n\n<p>Der biodynamische Ansatz ist entgegengesetzt: Durch Artenvielfalt wird ein Ausgleich geschaffen \u2013 eine Vielzahl an Pflanzen und Tieren, an Sch\u00e4dlingen und N\u00fctzlingen sorgt daf\u00fcr, dass die Vielfalt als Puffer gegen das konzentrierte Auftreten einzelner Arten dient. Die Begr\u00fcnung der Weing\u00e4rten mit Buchweizen, B\u00fcschelsch\u00f6n, Senf, Klee, Wicke, Ringelblume, Kamille, Schafgarbe, Kornblume, Klatschmohn und auch Rosen, Str\u00e4ucher und B\u00e4ume am Rand des Weingartens f\u00f6rdern die biologische Vielfalt. Je vielf\u00e4ltiger es bl\u00fcht, umso besser und sch\u00f6ner. Das st\u00e4rkt die pflanzeneigene Widerstandskraft unserer Rebst\u00f6cke. N\u00fctzlinge sind Teil dieser biologischen Vielfalt. Sie kommen ganz von alleine in unsere Weing\u00e4rten, wenn man sie nur l\u00e4sst: W\u00fcrmer, Ameisen, Bienen, Schmetterlinge, Marienk\u00e4fer und viele mehr. Sie helfen uns, unsere Rebst\u00f6cke und B\u00f6den gesund zu halten.<\/p>\n<\/div><\/div>\n","protected":false},"excerpt":{"rendered":"<p>BIODIVERSIT\u00c4T \u00a0\u201eVielfalt erhalten\u201c Der konventionelle Weinbau wird heute vorwiegend als Monokultur betrieben \u2013 Beziehungen mit anderen Arten werden weitgehend vermieden. Der biodynamische Ansatz ist entgegengesetzt: Durch Artenvielfalt wird ein Ausgleich geschaffen \u2013 eine Vielzahl an Pflanzen und Tieren, an Sch\u00e4dlingen und N\u00fctzlingen sorgt daf\u00fcr, dass die Vielfalt als Puffer gegen das konzentrierte Auftreten einzelner Arten [&hellip;]<\/p>\n","protected":false},"author":1,"featured_media":0,"parent":0,"menu_order":0,"comment_status":"closed","ping_status":"closed","template":"","meta":{"ocean_post_layout":"full-width","ocean_both_sidebars_style":"","ocean_both_sidebars_content_width":0,"ocean_both_sidebars_sidebars_width":0,"ocean_sidebar":"0","ocean_second_sidebar":"0","ocean_disable_margins":"enable","ocean_add_body_class":"","ocean_shortcode_before_top_bar":"","ocean_shortcode_after_top_bar":"","ocean_shortcode_before_header":"","ocean_shortcode_after_header":"","ocean_has_shortcode":"","ocean_shortcode_after_title":"","ocean_shortcode_before_footer_widgets":"","ocean_shortcode_after_footer_widgets":"","ocean_shortcode_before_footer_bottom":"","ocean_shortcode_after_footer_bottom":"","ocean_display_top_bar":"default","ocean_display_header":"default","ocean_header_style":"","ocean_center_header_left_menu":"0","ocean_custom_header_template":"0","ocean_custom_logo":0,"ocean_custom_retina_logo":0,"ocean_custom_logo_max_width":0,"ocean_custom_logo_tablet_max_width":0,"ocean_custom_logo_mobile_max_width":0,"ocean_custom_logo_max_height":0,"ocean_custom_logo_tablet_max_height":0,"ocean_custom_logo_mobile_max_height":0,"ocean_header_custom_menu":"0","ocean_menu_typo_font_family":"0","ocean_menu_typo_font_subset":"","ocean_menu_typo_font_size":0,"ocean_menu_typo_font_size_tablet":0,"ocean_menu_typo_font_size_mobile":0,"ocean_menu_typo_font_size_unit":"px","ocean_menu_typo_font_weight":"","ocean_menu_typo_font_weight_tablet":"","ocean_menu_typo_font_weight_mobile":"","ocean_menu_typo_transform":"","ocean_menu_typo_transform_tablet":"","ocean_menu_typo_transform_mobile":"","ocean_menu_typo_line_height":0,"ocean_menu_typo_line_height_tablet":0,"ocean_menu_typo_line_height_mobile":0,"ocean_menu_typo_line_height_unit":"","ocean_menu_typo_spacing":0,"ocean_menu_typo_spacing_tablet":0,"ocean_menu_typo_spacing_mobile":0,"ocean_menu_typo_spacing_unit":"","ocean_menu_link_color":"","ocean_menu_link_color_hover":"","ocean_menu_link_color_active":"","ocean_menu_link_background":"","ocean_menu_link_hover_background":"","ocean_menu_link_active_background":"","ocean_menu_social_links_bg":"","ocean_menu_social_hover_links_bg":"","ocean_menu_social_links_color":"","ocean_menu_social_hover_links_color":"","ocean_disable_title":"on","ocean_disable_heading":"default","ocean_post_title":"","ocean_post_subheading":"","ocean_post_title_style":"","ocean_post_title_background_color":"","ocean_post_title_background":0,"ocean_post_title_bg_image_position":"","ocean_post_title_bg_image_attachment":"","ocean_post_title_bg_image_repeat":"","ocean_post_title_bg_image_size":"","ocean_post_title_height":0,"ocean_post_title_bg_overlay":0.5,"ocean_post_title_bg_overlay_color":"","ocean_disable_breadcrumbs":"default","ocean_breadcrumbs_color":"","ocean_breadcrumbs_separator_color":"","ocean_breadcrumbs_links_color":"","ocean_breadcrumbs_links_hover_color":"","ocean_display_footer_widgets":"default","ocean_display_footer_bottom":"default","ocean_custom_footer_template":"0","footnotes":""},"_links":{"self":[{"href":"https:\/\/missmann.cc\/index.php?rest_route=\/wp\/v2\/pages\/26"}],"collection":[{"href":"https:\/\/missmann.cc\/index.php?rest_route=\/wp\/v2\/pages"}],"about":[{"href":"https:\/\/missmann.cc\/index.php?rest_route=\/wp\/v2\/types\/page"}],"author":[{"embeddable":true,"href":"https:\/\/missmann.cc\/index.php?rest_route=\/wp\/v2\/users\/1"}],"replies":[{"embeddable":true,"href":"https:\/\/missmann.cc\/index.php?rest_route=%2Fwp%2Fv2%2Fcomments&post=26"}],"version-history":[{"count":3,"href":"https:\/\/missmann.cc\/index.php?rest_route=\/wp\/v2\/pages\/26\/revisions"}],"predecessor-version":[{"id":76,"href":"https:\/\/missmann.cc\/index.php?rest_route=\/wp\/v2\/pages\/26\/revisions\/76"}],"wp:attachment":[{"href":"https:\/\/missmann.cc\/index.php?rest_route=%2Fwp%2Fv2%2Fmedia&parent=26"}],"curies":[{"name":"wp","href":"https:\/\/api.w.org\/{rel}","templated":true}]}}