{"id":290,"date":"2022-04-20T11:48:55","date_gmt":"2022-04-20T11:48:55","guid":{"rendered":"https:\/\/missmann.cc\/?page_id=290"},"modified":"2022-04-20T11:52:31","modified_gmt":"2022-04-20T11:52:31","slug":"rosato","status":"publish","type":"page","link":"https:\/\/missmann.cc\/?page_id=290","title":{"rendered":"Rosato"},"content":{"rendered":"\n<div class=\"wp-block-media-text alignwide is-stacked-on-mobile is-image-fill\"><figure class=\"wp-block-media-text__media\" style=\"background-image:url(https:\/\/missmann.cc\/wp-content\/uploads\/2021\/01\/Pix-Weinrebe-3-1024x683.jpg);background-position:48% 21%\"><img loading=\"lazy\" decoding=\"async\" width=\"1024\" height=\"683\" src=\"https:\/\/missmann.cc\/wp-content\/uploads\/2021\/01\/Pix-Weinrebe-3-1024x683.jpg\" alt=\"\" class=\"wp-image-115 size-full\" srcset=\"https:\/\/missmann.cc\/wp-content\/uploads\/2021\/01\/Pix-Weinrebe-3-1024x683.jpg 1024w, https:\/\/missmann.cc\/wp-content\/uploads\/2021\/01\/Pix-Weinrebe-3-300x200.jpg 300w, https:\/\/missmann.cc\/wp-content\/uploads\/2021\/01\/Pix-Weinrebe-3-768x512.jpg 768w, https:\/\/missmann.cc\/wp-content\/uploads\/2021\/01\/Pix-Weinrebe-3-1536x1024.jpg 1536w, https:\/\/missmann.cc\/wp-content\/uploads\/2021\/01\/Pix-Weinrebe-3.jpg 1920w\" sizes=\"(max-width: 1024px) 100vw, 1024px\" \/><\/figure><div class=\"wp-block-media-text__content\">\n<p><strong>Rosa<\/strong>to &#8211; eine interessante Cuvee<\/p>\n\n\n\n<blockquote class=\"wp-block-quote\"><p>Rosato-Wein hat ein ganz spezielles Bouquet und ist ausgesprochen fruchtig und frisch.<\/p><\/blockquote>\n<\/div><\/div>\n\n\n\n<div class=\"wp-block-media-text alignwide is-stacked-on-mobile\"><figure class=\"wp-block-media-text__media\"><img loading=\"lazy\" decoding=\"async\" width=\"1024\" height=\"780\" src=\"https:\/\/missmann.cc\/wp-content\/uploads\/2021\/01\/Pex-Weintraube-5-1024x780.jpg\" alt=\"\" class=\"wp-image-113 size-full\" srcset=\"https:\/\/missmann.cc\/wp-content\/uploads\/2021\/01\/Pex-Weintraube-5-1024x780.jpg 1024w, https:\/\/missmann.cc\/wp-content\/uploads\/2021\/01\/Pex-Weintraube-5-300x229.jpg 300w, https:\/\/missmann.cc\/wp-content\/uploads\/2021\/01\/Pex-Weintraube-5-768x585.jpg 768w, https:\/\/missmann.cc\/wp-content\/uploads\/2021\/01\/Pex-Weintraube-5-1536x1170.jpg 1536w, https:\/\/missmann.cc\/wp-content\/uploads\/2021\/01\/Pex-Weintraube-5-2048x1560.jpg 2048w\" sizes=\"(max-width: 1024px) 100vw, 1024px\" \/><\/figure><div class=\"wp-block-media-text__content\">\n<p><strong>Die Traube<\/strong>n<\/p>\n\n\n\n<p><\/p>\n\n\n\n<p>Die dicke, dunkelviolette Haut der Concordia-Traube und ihre knackigen Kerne sind vollgepackt mit Polyphenolen und der Schilcher, erg\u00e4nzt als lebendiger, fruchtiger und spritziger Wein mit hoher S\u00e4ure. <\/p>\n\n\n\n<p><strong>Pflanzenschutz<\/strong><\/p>\n\n\n\n<p>Auf Pflanzenschutz kann in den meisten Jahren nahezu verzichtet werden. In Einzelf\u00e4llen m\u00fcssen wir bei hohem Infektionsdruck den echten Mehltau etwas im Auge behalten. Durch den Einsatz von nat\u00fcrlichen St\u00e4rkungsmitteln k\u00f6nnen wir die Pflanze gut unterst\u00fctzen.<\/p>\n<\/div><\/div>\n\n\n\n<div class=\"wp-block-media-text alignwide is-stacked-on-mobile\"><figure class=\"wp-block-media-text__media\"><img loading=\"lazy\" decoding=\"async\" width=\"1024\" height=\"925\" src=\"https:\/\/missmann.cc\/wp-content\/uploads\/2021\/01\/Weissweinglas-1-1-1-1024x925.jpg\" alt=\"\" class=\"wp-image-107 size-full\" srcset=\"https:\/\/missmann.cc\/wp-content\/uploads\/2021\/01\/Weissweinglas-1-1-1-1024x925.jpg 1024w, https:\/\/missmann.cc\/wp-content\/uploads\/2021\/01\/Weissweinglas-1-1-1-300x271.jpg 300w, https:\/\/missmann.cc\/wp-content\/uploads\/2021\/01\/Weissweinglas-1-1-1-768x694.jpg 768w, https:\/\/missmann.cc\/wp-content\/uploads\/2021\/01\/Weissweinglas-1-1-1-1536x1388.jpg 1536w, https:\/\/missmann.cc\/wp-content\/uploads\/2021\/01\/Weissweinglas-1-1-1-2048x1851.jpg 2048w\" sizes=\"(max-width: 1024px) 100vw, 1024px\" \/><\/figure><div class=\"wp-block-media-text__content\">\n<p><strong>Die Weine<\/strong><\/p>\n\n\n\n<p><\/p>\n\n\n\n<p>Die&nbsp;<a href=\"https:\/\/de.wikipedia.org\/wiki\/Wein\">Weine<\/a>&nbsp;haben eine hellrubinrote Farbe, sind astringent und haben einen angenehm anmutenden Erdbeergeschmack. Dieser wird erg\u00e4nzt durch feinzarte urig-s\u00e4uerliche Sauvignont\u00f6ne, schwarze Ribisel und Stachelbeeren.<\/p>\n\n\n\n<p>Der Ausdruck ist lebendig frisch, fruchtig und feins\u00e4uerlich.<br>Das stark beerige Bouquet des Rosato ist genau das Richtige f\u00fcr hei\u00dfe Sommertage oder einen elegant-fruchtige Aperitif.  <\/p>\n<\/div><\/div>\n\n\n\n<p><\/p>\n","protected":false},"excerpt":{"rendered":"<p>Rosato &#8211; eine interessante Cuvee Rosato-Wein hat ein ganz spezielles Bouquet und ist ausgesprochen fruchtig und frisch. Die Trauben Die dicke, dunkelviolette Haut der Concordia-Traube und ihre knackigen Kerne sind vollgepackt mit Polyphenolen und der Schilcher, erg\u00e4nzt als lebendiger, fruchtiger und spritziger Wein mit hoher S\u00e4ure. Pflanzenschutz Auf Pflanzenschutz kann in den meisten Jahren nahezu [&hellip;]<\/p>\n","protected":false},"author":1,"featured_media":0,"parent":0,"menu_order":0,"comment_status":"closed","ping_status":"closed","template":"","meta":{"ocean_post_layout":"full-width","ocean_both_sidebars_style":"","ocean_both_sidebars_content_width":0,"ocean_both_sidebars_sidebars_width":0,"ocean_sidebar":"0","ocean_second_sidebar":"0","ocean_disable_margins":"enable","ocean_add_body_class":"","ocean_shortcode_before_top_bar":"","ocean_shortcode_after_top_bar":"","ocean_shortcode_before_header":"","ocean_shortcode_after_header":"","ocean_has_shortcode":"","ocean_shortcode_after_title":"","ocean_shortcode_before_footer_widgets":"","ocean_shortcode_after_footer_widgets":"","ocean_shortcode_before_footer_bottom":"","ocean_shortcode_after_footer_bottom":"","ocean_display_top_bar":"default","ocean_display_header":"default","ocean_header_style":"","ocean_center_header_left_menu":"0","ocean_custom_header_template":"0","ocean_custom_logo":0,"ocean_custom_retina_logo":0,"ocean_custom_logo_max_width":0,"ocean_custom_logo_tablet_max_width":0,"ocean_custom_logo_mobile_max_width":0,"ocean_custom_logo_max_height":0,"ocean_custom_logo_tablet_max_height":0,"ocean_custom_logo_mobile_max_height":0,"ocean_header_custom_menu":"0","ocean_menu_typo_font_family":"0","ocean_menu_typo_font_subset":"","ocean_menu_typo_font_size":0,"ocean_menu_typo_font_size_tablet":0,"ocean_menu_typo_font_size_mobile":0,"ocean_menu_typo_font_size_unit":"px","ocean_menu_typo_font_weight":"","ocean_menu_typo_font_weight_tablet":"","ocean_menu_typo_font_weight_mobile":"","ocean_menu_typo_transform":"","ocean_menu_typo_transform_tablet":"","ocean_menu_typo_transform_mobile":"","ocean_menu_typo_line_height":0,"ocean_menu_typo_line_height_tablet":0,"ocean_menu_typo_line_height_mobile":0,"ocean_menu_typo_line_height_unit":"","ocean_menu_typo_spacing":0,"ocean_menu_typo_spacing_tablet":0,"ocean_menu_typo_spacing_mobile":0,"ocean_menu_typo_spacing_unit":"","ocean_menu_link_color":"","ocean_menu_link_color_hover":"","ocean_menu_link_color_active":"","ocean_menu_link_background":"","ocean_menu_link_hover_background":"","ocean_menu_link_active_background":"","ocean_menu_social_links_bg":"","ocean_menu_social_hover_links_bg":"","ocean_menu_social_links_color":"","ocean_menu_social_hover_links_color":"","ocean_disable_title":"default","ocean_disable_heading":"default","ocean_post_title":"","ocean_post_subheading":"","ocean_post_title_style":"","ocean_post_title_background_color":"","ocean_post_title_background":0,"ocean_post_title_bg_image_position":"","ocean_post_title_bg_image_attachment":"","ocean_post_title_bg_image_repeat":"","ocean_post_title_bg_image_size":"","ocean_post_title_height":0,"ocean_post_title_bg_overlay":0.5,"ocean_post_title_bg_overlay_color":"","ocean_disable_breadcrumbs":"default","ocean_breadcrumbs_color":"","ocean_breadcrumbs_separator_color":"","ocean_breadcrumbs_links_color":"","ocean_breadcrumbs_links_hover_color":"","ocean_display_footer_widgets":"default","ocean_display_footer_bottom":"default","ocean_custom_footer_template":"0","footnotes":""},"_links":{"self":[{"href":"https:\/\/missmann.cc\/index.php?rest_route=\/wp\/v2\/pages\/290"}],"collection":[{"href":"https:\/\/missmann.cc\/index.php?rest_route=\/wp\/v2\/pages"}],"about":[{"href":"https:\/\/missmann.cc\/index.php?rest_route=\/wp\/v2\/types\/page"}],"author":[{"embeddable":true,"href":"https:\/\/missmann.cc\/index.php?rest_route=\/wp\/v2\/users\/1"}],"replies":[{"embeddable":true,"href":"https:\/\/missmann.cc\/index.php?rest_route=%2Fwp%2Fv2%2Fcomments&post=290"}],"version-history":[{"count":4,"href":"https:\/\/missmann.cc\/index.php?rest_route=\/wp\/v2\/pages\/290\/revisions"}],"predecessor-version":[{"id":297,"href":"https:\/\/missmann.cc\/index.php?rest_route=\/wp\/v2\/pages\/290\/revisions\/297"}],"wp:attachment":[{"href":"https:\/\/missmann.cc\/index.php?rest_route=%2Fwp%2Fv2%2Fmedia&parent=290"}],"curies":[{"name":"wp","href":"https:\/\/api.w.org\/{rel}","templated":true}]}}