{"id":33,"date":"2021-01-04T16:11:01","date_gmt":"2021-01-04T16:11:01","guid":{"rendered":"https:\/\/missmann.cc\/?page_id=33"},"modified":"2021-01-05T05:39:35","modified_gmt":"2021-01-05T05:39:35","slug":"pflanzenpflege","status":"publish","type":"page","link":"https:\/\/missmann.cc\/?page_id=33","title":{"rendered":"Pflanzenpflege"},"content":{"rendered":"\n<div class=\"wp-block-media-text alignwide is-stacked-on-mobile is-image-fill\"><figure class=\"wp-block-media-text__media\" style=\"background-image:url(https:\/\/missmann.cc\/wp-content\/uploads\/2021\/01\/Kamille-1-1024x768.jpg);background-position:50% 50%\"><img loading=\"lazy\" decoding=\"async\" width=\"1024\" height=\"768\" src=\"https:\/\/missmann.cc\/wp-content\/uploads\/2021\/01\/Kamille-1-1024x768.jpg\" alt=\"\" class=\"wp-image-74 size-full\" srcset=\"https:\/\/missmann.cc\/wp-content\/uploads\/2021\/01\/Kamille-1-1024x768.jpg 1024w, https:\/\/missmann.cc\/wp-content\/uploads\/2021\/01\/Kamille-1-300x225.jpg 300w, https:\/\/missmann.cc\/wp-content\/uploads\/2021\/01\/Kamille-1-768x576.jpg 768w, https:\/\/missmann.cc\/wp-content\/uploads\/2021\/01\/Kamille-1-1536x1152.jpg 1536w, https:\/\/missmann.cc\/wp-content\/uploads\/2021\/01\/Kamille-1-2048x1536.jpg 2048w\" sizes=\"(max-width: 1024px) 100vw, 1024px\" \/><\/figure><div class=\"wp-block-media-text__content\">\n<p>PFLANZENPFLEGE<\/p>\n\n\n\n<p>&nbsp;<strong>\u201eVitalit\u00e4t ist wichtig\u201c<\/strong><\/p>\n\n\n\n<p><br>Ein vitaler Organismus kann widrigen Umst\u00e4nden und Krankheiten besser widerstehen als ein schwacher. Daher steht die St\u00e4rkung der nat\u00fcrlichen Abwehrkr\u00e4fte unserer Rebst\u00f6cke im Mittelpunkt. Lockere Laubwandgestaltung und das Ausbringen von Kr\u00e4utertees und Pflegemitteln sind f\u00fcr uns wichtige Ma\u00dfnahmen.<\/p>\n\n\n\n<p>Brennnessel liefert Eisen, Stickstoff und Kalzium und st\u00e4rkt das Immunsystem, der siliziumreiche Ackerschachtelhalm besitzt abperlende Wirkung und Kamille wirkt nach Stresssituationen beruhigend &#8211; bei Hitze, nach Hagel, in der Bl\u00fchphase und nach der Ernte.&nbsp;Als Pflanzenschutzmittel gegen Pilzkrankheiten dienen Schwefel und Kupfer, die durch die fungizid wirkende Schafgarbe bzw. Birkenbl\u00e4tter unterst\u00fctzt werden. Birkenbl\u00e4tter&nbsp;setzen wir zur Kupferunterst\u00fctzung ein,&nbsp;Schafgarbe&nbsp;zur Unterst\u00fctzung des Schwefels. Beide haben fungizide Wirkung, wirken also gegen Pilze und Sporen. Backpulver trocknet und hat fungizide Wirkung.<\/p>\n<\/div><\/div>\n","protected":false},"excerpt":{"rendered":"<p>PFLANZENPFLEGE &nbsp;\u201eVitalit\u00e4t ist wichtig\u201c Ein vitaler Organismus kann widrigen Umst\u00e4nden und Krankheiten besser widerstehen als ein schwacher. Daher steht die St\u00e4rkung der nat\u00fcrlichen Abwehrkr\u00e4fte unserer Rebst\u00f6cke im Mittelpunkt. Lockere Laubwandgestaltung und das Ausbringen von Kr\u00e4utertees und Pflegemitteln sind f\u00fcr uns wichtige Ma\u00dfnahmen. Brennnessel liefert Eisen, Stickstoff und Kalzium und st\u00e4rkt das Immunsystem, der siliziumreiche Ackerschachtelhalm [&hellip;]<\/p>\n","protected":false},"author":1,"featured_media":0,"parent":0,"menu_order":0,"comment_status":"closed","ping_status":"closed","template":"","meta":{"ocean_post_layout":"full-width","ocean_both_sidebars_style":"","ocean_both_sidebars_content_width":0,"ocean_both_sidebars_sidebars_width":0,"ocean_sidebar":"0","ocean_second_sidebar":"0","ocean_disable_margins":"enable","ocean_add_body_class":"","ocean_shortcode_before_top_bar":"","ocean_shortcode_after_top_bar":"","ocean_shortcode_before_header":"","ocean_shortcode_after_header":"","ocean_has_shortcode":"","ocean_shortcode_after_title":"","ocean_shortcode_before_footer_widgets":"","ocean_shortcode_after_footer_widgets":"","ocean_shortcode_before_footer_bottom":"","ocean_shortcode_after_footer_bottom":"","ocean_display_top_bar":"default","ocean_display_header":"default","ocean_header_style":"","ocean_center_header_left_menu":"0","ocean_custom_header_template":"0","ocean_custom_logo":0,"ocean_custom_retina_logo":0,"ocean_custom_logo_max_width":0,"ocean_custom_logo_tablet_max_width":0,"ocean_custom_logo_mobile_max_width":0,"ocean_custom_logo_max_height":0,"ocean_custom_logo_tablet_max_height":0,"ocean_custom_logo_mobile_max_height":0,"ocean_header_custom_menu":"0","ocean_menu_typo_font_family":"0","ocean_menu_typo_font_subset":"","ocean_menu_typo_font_size":0,"ocean_menu_typo_font_size_tablet":0,"ocean_menu_typo_font_size_mobile":0,"ocean_menu_typo_font_size_unit":"px","ocean_menu_typo_font_weight":"","ocean_menu_typo_font_weight_tablet":"","ocean_menu_typo_font_weight_mobile":"","ocean_menu_typo_transform":"","ocean_menu_typo_transform_tablet":"","ocean_menu_typo_transform_mobile":"","ocean_menu_typo_line_height":0,"ocean_menu_typo_line_height_tablet":0,"ocean_menu_typo_line_height_mobile":0,"ocean_menu_typo_line_height_unit":"","ocean_menu_typo_spacing":0,"ocean_menu_typo_spacing_tablet":0,"ocean_menu_typo_spacing_mobile":0,"ocean_menu_typo_spacing_unit":"","ocean_menu_link_color":"","ocean_menu_link_color_hover":"","ocean_menu_link_color_active":"","ocean_menu_link_background":"","ocean_menu_link_hover_background":"","ocean_menu_link_active_background":"","ocean_menu_social_links_bg":"","ocean_menu_social_hover_links_bg":"","ocean_menu_social_links_color":"","ocean_menu_social_hover_links_color":"","ocean_disable_title":"on","ocean_disable_heading":"default","ocean_post_title":"","ocean_post_subheading":"","ocean_post_title_style":"","ocean_post_title_background_color":"","ocean_post_title_background":0,"ocean_post_title_bg_image_position":"","ocean_post_title_bg_image_attachment":"","ocean_post_title_bg_image_repeat":"","ocean_post_title_bg_image_size":"","ocean_post_title_height":0,"ocean_post_title_bg_overlay":0.5,"ocean_post_title_bg_overlay_color":"","ocean_disable_breadcrumbs":"default","ocean_breadcrumbs_color":"","ocean_breadcrumbs_separator_color":"","ocean_breadcrumbs_links_color":"","ocean_breadcrumbs_links_hover_color":"","ocean_display_footer_widgets":"default","ocean_display_footer_bottom":"default","ocean_custom_footer_template":"0","footnotes":""},"_links":{"self":[{"href":"https:\/\/missmann.cc\/index.php?rest_route=\/wp\/v2\/pages\/33"}],"collection":[{"href":"https:\/\/missmann.cc\/index.php?rest_route=\/wp\/v2\/pages"}],"about":[{"href":"https:\/\/missmann.cc\/index.php?rest_route=\/wp\/v2\/types\/page"}],"author":[{"embeddable":true,"href":"https:\/\/missmann.cc\/index.php?rest_route=\/wp\/v2\/users\/1"}],"replies":[{"embeddable":true,"href":"https:\/\/missmann.cc\/index.php?rest_route=%2Fwp%2Fv2%2Fcomments&post=33"}],"version-history":[{"count":2,"href":"https:\/\/missmann.cc\/index.php?rest_route=\/wp\/v2\/pages\/33\/revisions"}],"predecessor-version":[{"id":75,"href":"https:\/\/missmann.cc\/index.php?rest_route=\/wp\/v2\/pages\/33\/revisions\/75"}],"wp:attachment":[{"href":"https:\/\/missmann.cc\/index.php?rest_route=%2Fwp%2Fv2%2Fmedia&parent=33"}],"curies":[{"name":"wp","href":"https:\/\/api.w.org\/{rel}","templated":true}]}}