{"id":44,"date":"2021-01-04T16:26:50","date_gmt":"2021-01-04T16:26:50","guid":{"rendered":"https:\/\/missmann.cc\/?page_id=44"},"modified":"2021-01-05T05:44:06","modified_gmt":"2021-01-05T05:44:06","slug":"handarbeit","status":"publish","type":"page","link":"https:\/\/missmann.cc\/?page_id=44","title":{"rendered":"Handarbeit"},"content":{"rendered":"\n<div class=\"wp-block-media-text alignwide is-stacked-on-mobile is-image-fill\"><figure class=\"wp-block-media-text__media\" style=\"background-image:url(https:\/\/missmann.cc\/wp-content\/uploads\/2021\/01\/IMG_20171002_075748772-01-1920x1280-1-1024x683.jpeg);background-position:21% 56.00000000000001%\"><img loading=\"lazy\" decoding=\"async\" width=\"1024\" height=\"683\" src=\"https:\/\/missmann.cc\/wp-content\/uploads\/2021\/01\/IMG_20171002_075748772-01-1920x1280-1-1024x683.jpeg\" alt=\"\" class=\"wp-image-45 size-full\" srcset=\"https:\/\/missmann.cc\/wp-content\/uploads\/2021\/01\/IMG_20171002_075748772-01-1920x1280-1-1024x683.jpeg 1024w, https:\/\/missmann.cc\/wp-content\/uploads\/2021\/01\/IMG_20171002_075748772-01-1920x1280-1-300x200.jpeg 300w, https:\/\/missmann.cc\/wp-content\/uploads\/2021\/01\/IMG_20171002_075748772-01-1920x1280-1-768x512.jpeg 768w, https:\/\/missmann.cc\/wp-content\/uploads\/2021\/01\/IMG_20171002_075748772-01-1920x1280-1-1536x1024.jpeg 1536w, https:\/\/missmann.cc\/wp-content\/uploads\/2021\/01\/IMG_20171002_075748772-01-1920x1280-1.jpeg 1920w\" sizes=\"(max-width: 1024px) 100vw, 1024px\" \/><\/figure><div class=\"wp-block-media-text__content\">\n<p>HANDARBEIT<\/p>\n\n\n\n<p><strong>\u201edas Richtige zum richtigen Zeitpunkt\u201c<\/strong><\/p>\n\n\n\n<p>Die intensive Pflegearbeit an und mit der Rebe erm\u00f6glicht uns, Anforderungen fr\u00fcher und pr\u00e4ziser zu erkennen und in der Folge rascher darauf zu reagieren. Beim Rebschnitt gehen wir behutsam vor, damit gro\u00dfe Verletzungen am Holz vermieden werden. Der richtige Schnitt ist entscheidend f\u00fcr gleichm\u00e4\u00dfiges und langsames Wachstum, damit die Rebe auch noch im hohen Alter beste Qualit\u00e4t bringen kann. Wir entfernen die Triebe an den St\u00e4mmen, m\u00e4hen die Rebzeile mit der Hand aus, gestalten die Laubwand, brechen Triebe aus, entfernen Bl\u00e4tter. Alles geschieht mit Leidenschaft, unserem Know-how und vor allem zum richtigen Zeitpunkt.<\/p>\n\n\n\n<p>Handwerk und manuelles Geschick sind die Basis der Pflegearbeiten im Weingarten. Was, wann und vor allem wie etwas zu tun ist, darin liegt unsere wahre Aufgabe.<\/p>\n\n\n\n<p>W\u00e4hrend des gesamten Jahres erfolgt die Pflege der Reben und ihrer unmittelbaren Umgebung \u2013 Boden, Stamm, Blatt und Frucht. Die Ernte der Trauben wird nat\u00fcrlich h\u00e4ndisch durchgef\u00fchrt.<\/p>\n<\/div><\/div>\n","protected":false},"excerpt":{"rendered":"<p>HANDARBEIT \u201edas Richtige zum richtigen Zeitpunkt\u201c Die intensive Pflegearbeit an und mit der Rebe erm\u00f6glicht uns, Anforderungen fr\u00fcher und pr\u00e4ziser zu erkennen und in der Folge rascher darauf zu reagieren. Beim Rebschnitt gehen wir behutsam vor, damit gro\u00dfe Verletzungen am Holz vermieden werden. Der richtige Schnitt ist entscheidend f\u00fcr gleichm\u00e4\u00dfiges und langsames Wachstum, damit die [&hellip;]<\/p>\n","protected":false},"author":1,"featured_media":0,"parent":0,"menu_order":0,"comment_status":"closed","ping_status":"closed","template":"","meta":{"ocean_post_layout":"full-width","ocean_both_sidebars_style":"","ocean_both_sidebars_content_width":0,"ocean_both_sidebars_sidebars_width":0,"ocean_sidebar":"0","ocean_second_sidebar":"0","ocean_disable_margins":"enable","ocean_add_body_class":"","ocean_shortcode_before_top_bar":"","ocean_shortcode_after_top_bar":"","ocean_shortcode_before_header":"","ocean_shortcode_after_header":"","ocean_has_shortcode":"","ocean_shortcode_after_title":"","ocean_shortcode_before_footer_widgets":"","ocean_shortcode_after_footer_widgets":"","ocean_shortcode_before_footer_bottom":"","ocean_shortcode_after_footer_bottom":"","ocean_display_top_bar":"default","ocean_display_header":"default","ocean_header_style":"","ocean_center_header_left_menu":"0","ocean_custom_header_template":"0","ocean_custom_logo":0,"ocean_custom_retina_logo":0,"ocean_custom_logo_max_width":0,"ocean_custom_logo_tablet_max_width":0,"ocean_custom_logo_mobile_max_width":0,"ocean_custom_logo_max_height":0,"ocean_custom_logo_tablet_max_height":0,"ocean_custom_logo_mobile_max_height":0,"ocean_header_custom_menu":"0","ocean_menu_typo_font_family":"0","ocean_menu_typo_font_subset":"","ocean_menu_typo_font_size":0,"ocean_menu_typo_font_size_tablet":0,"ocean_menu_typo_font_size_mobile":0,"ocean_menu_typo_font_size_unit":"px","ocean_menu_typo_font_weight":"","ocean_menu_typo_font_weight_tablet":"","ocean_menu_typo_font_weight_mobile":"","ocean_menu_typo_transform":"","ocean_menu_typo_transform_tablet":"","ocean_menu_typo_transform_mobile":"","ocean_menu_typo_line_height":0,"ocean_menu_typo_line_height_tablet":0,"ocean_menu_typo_line_height_mobile":0,"ocean_menu_typo_line_height_unit":"","ocean_menu_typo_spacing":0,"ocean_menu_typo_spacing_tablet":0,"ocean_menu_typo_spacing_mobile":0,"ocean_menu_typo_spacing_unit":"","ocean_menu_link_color":"","ocean_menu_link_color_hover":"","ocean_menu_link_color_active":"","ocean_menu_link_background":"","ocean_menu_link_hover_background":"","ocean_menu_link_active_background":"","ocean_menu_social_links_bg":"","ocean_menu_social_hover_links_bg":"","ocean_menu_social_links_color":"","ocean_menu_social_hover_links_color":"","ocean_disable_title":"on","ocean_disable_heading":"default","ocean_post_title":"","ocean_post_subheading":"","ocean_post_title_style":"","ocean_post_title_background_color":"","ocean_post_title_background":0,"ocean_post_title_bg_image_position":"","ocean_post_title_bg_image_attachment":"","ocean_post_title_bg_image_repeat":"","ocean_post_title_bg_image_size":"","ocean_post_title_height":0,"ocean_post_title_bg_overlay":0.5,"ocean_post_title_bg_overlay_color":"","ocean_disable_breadcrumbs":"default","ocean_breadcrumbs_color":"","ocean_breadcrumbs_separator_color":"","ocean_breadcrumbs_links_color":"","ocean_breadcrumbs_links_hover_color":"","ocean_display_footer_widgets":"default","ocean_display_footer_bottom":"default","ocean_custom_footer_template":"0","footnotes":""},"_links":{"self":[{"href":"https:\/\/missmann.cc\/index.php?rest_route=\/wp\/v2\/pages\/44"}],"collection":[{"href":"https:\/\/missmann.cc\/index.php?rest_route=\/wp\/v2\/pages"}],"about":[{"href":"https:\/\/missmann.cc\/index.php?rest_route=\/wp\/v2\/types\/page"}],"author":[{"embeddable":true,"href":"https:\/\/missmann.cc\/index.php?rest_route=\/wp\/v2\/users\/1"}],"replies":[{"embeddable":true,"href":"https:\/\/missmann.cc\/index.php?rest_route=%2Fwp%2Fv2%2Fcomments&post=44"}],"version-history":[{"count":3,"href":"https:\/\/missmann.cc\/index.php?rest_route=\/wp\/v2\/pages\/44\/revisions"}],"predecessor-version":[{"id":78,"href":"https:\/\/missmann.cc\/index.php?rest_route=\/wp\/v2\/pages\/44\/revisions\/78"}],"wp:attachment":[{"href":"https:\/\/missmann.cc\/index.php?rest_route=%2Fwp%2Fv2%2Fmedia&parent=44"}],"curies":[{"name":"wp","href":"https:\/\/api.w.org\/{rel}","templated":true}]}}