{"id":61,"date":"2021-01-04T16:48:21","date_gmt":"2021-01-04T16:48:21","guid":{"rendered":"https:\/\/missmann.cc\/?page_id=61"},"modified":"2021-01-04T16:48:22","modified_gmt":"2021-01-04T16:48:22","slug":"im-weinkeller","status":"publish","type":"page","link":"https:\/\/missmann.cc\/?page_id=61","title":{"rendered":"Im Weinkeller"},"content":{"rendered":"\n<div class=\"wp-block-media-text alignwide is-stacked-on-mobile is-image-fill\"><figure class=\"wp-block-media-text__media\" style=\"background-image:url(https:\/\/missmann.cc\/wp-content\/uploads\/2021\/01\/Barriquefss-693x1024.jpg);background-position:50% 50%\"><img loading=\"lazy\" decoding=\"async\" width=\"693\" height=\"1024\" src=\"https:\/\/missmann.cc\/wp-content\/uploads\/2021\/01\/Barriquefss-693x1024.jpg\" alt=\"\" class=\"wp-image-62 size-full\" srcset=\"https:\/\/missmann.cc\/wp-content\/uploads\/2021\/01\/Barriquefss-693x1024.jpg 693w, https:\/\/missmann.cc\/wp-content\/uploads\/2021\/01\/Barriquefss-203x300.jpg 203w, https:\/\/missmann.cc\/wp-content\/uploads\/2021\/01\/Barriquefss-768x1134.jpg 768w, https:\/\/missmann.cc\/wp-content\/uploads\/2021\/01\/Barriquefss-1040x1536.jpg 1040w, https:\/\/missmann.cc\/wp-content\/uploads\/2021\/01\/Barriquefss-1386x2048.jpg 1386w, https:\/\/missmann.cc\/wp-content\/uploads\/2021\/01\/Barriquefss.jpg 1601w\" sizes=\"(max-width: 693px) 100vw, 693px\" \/><\/figure><div class=\"wp-block-media-text__content\">\n<p>IM WEINKELLER<\/p>\n\n\n\n<p><strong>&nbsp;\u201eGeduld haben\u201c<\/strong><br>Bei der Vinifizierung fungieren wir in erster Linie als Begleiter. Je nach Ausbaulinie setzen wir auf einen spontanen oder kontrollierten G\u00e4rverlauf. &nbsp;Spontane Verg\u00e4rung durch die nat\u00fcrlichen Hefen aus dem Weinberg ist die Voraussetzung f\u00fcr einen idealtypischen Herkunftswein. Wenn die G\u00e4rung wild verl\u00e4uft, dann ben\u00f6tigen diese Weine besonders viel Zeit, um erwachsen zu werden.<\/p>\n\n\n\n<p>Das komplett gesunde Traubenmaterial wird \u00fcber mehrere Stunden sanft gepresst. Ab dieser Phase ist Luftzufuhr wichtig, sie befl\u00fcgelt die im Most schwebende Hefe zur Ausbildung vielf\u00e4ltiger Aromen. Zur Lagerung und Reifung werden Edelstahltanks oder kleine gebrauchte Holzf\u00e4sser herangezogen. Das Wetter und der Mond haben gro\u00dfen Einfluss auf den Weingarten und den Most im Keller. Wir nehmen darauf R\u00fccksicht und n\u00fctzen auch hier ganz bewusst die Phasen, um m\u00f6glichst wenig in die Vinifikation eingreifen zu m\u00fcssen.<\/p>\n<\/div><\/div>\n","protected":false},"excerpt":{"rendered":"<p>IM WEINKELLER &nbsp;\u201eGeduld haben\u201cBei der Vinifizierung fungieren wir in erster Linie als Begleiter. Je nach Ausbaulinie setzen wir auf einen spontanen oder kontrollierten G\u00e4rverlauf. &nbsp;Spontane Verg\u00e4rung durch die nat\u00fcrlichen Hefen aus dem Weinberg ist die Voraussetzung f\u00fcr einen idealtypischen Herkunftswein. Wenn die G\u00e4rung wild verl\u00e4uft, dann ben\u00f6tigen diese Weine besonders viel Zeit, um erwachsen zu [&hellip;]<\/p>\n","protected":false},"author":1,"featured_media":0,"parent":0,"menu_order":0,"comment_status":"closed","ping_status":"closed","template":"","meta":{"ocean_post_layout":"full-width","ocean_both_sidebars_style":"","ocean_both_sidebars_content_width":0,"ocean_both_sidebars_sidebars_width":0,"ocean_sidebar":"0","ocean_second_sidebar":"0","ocean_disable_margins":"enable","ocean_add_body_class":"","ocean_shortcode_before_top_bar":"","ocean_shortcode_after_top_bar":"","ocean_shortcode_before_header":"","ocean_shortcode_after_header":"","ocean_has_shortcode":"","ocean_shortcode_after_title":"","ocean_shortcode_before_footer_widgets":"","ocean_shortcode_after_footer_widgets":"","ocean_shortcode_before_footer_bottom":"","ocean_shortcode_after_footer_bottom":"","ocean_display_top_bar":"default","ocean_display_header":"default","ocean_header_style":"","ocean_center_header_left_menu":"0","ocean_custom_header_template":"0","ocean_custom_logo":0,"ocean_custom_retina_logo":0,"ocean_custom_logo_max_width":0,"ocean_custom_logo_tablet_max_width":0,"ocean_custom_logo_mobile_max_width":0,"ocean_custom_logo_max_height":0,"ocean_custom_logo_tablet_max_height":0,"ocean_custom_logo_mobile_max_height":0,"ocean_header_custom_menu":"0","ocean_menu_typo_font_family":"0","ocean_menu_typo_font_subset":"","ocean_menu_typo_font_size":0,"ocean_menu_typo_font_size_tablet":0,"ocean_menu_typo_font_size_mobile":0,"ocean_menu_typo_font_size_unit":"px","ocean_menu_typo_font_weight":"","ocean_menu_typo_font_weight_tablet":"","ocean_menu_typo_font_weight_mobile":"","ocean_menu_typo_transform":"","ocean_menu_typo_transform_tablet":"","ocean_menu_typo_transform_mobile":"","ocean_menu_typo_line_height":0,"ocean_menu_typo_line_height_tablet":0,"ocean_menu_typo_line_height_mobile":0,"ocean_menu_typo_line_height_unit":"","ocean_menu_typo_spacing":0,"ocean_menu_typo_spacing_tablet":0,"ocean_menu_typo_spacing_mobile":0,"ocean_menu_typo_spacing_unit":"","ocean_menu_link_color":"","ocean_menu_link_color_hover":"","ocean_menu_link_color_active":"","ocean_menu_link_background":"","ocean_menu_link_hover_background":"","ocean_menu_link_active_background":"","ocean_menu_social_links_bg":"","ocean_menu_social_hover_links_bg":"","ocean_menu_social_links_color":"","ocean_menu_social_hover_links_color":"","ocean_disable_title":"on","ocean_disable_heading":"default","ocean_post_title":"","ocean_post_subheading":"","ocean_post_title_style":"","ocean_post_title_background_color":"","ocean_post_title_background":0,"ocean_post_title_bg_image_position":"","ocean_post_title_bg_image_attachment":"","ocean_post_title_bg_image_repeat":"","ocean_post_title_bg_image_size":"","ocean_post_title_height":0,"ocean_post_title_bg_overlay":0.5,"ocean_post_title_bg_overlay_color":"","ocean_disable_breadcrumbs":"default","ocean_breadcrumbs_color":"","ocean_breadcrumbs_separator_color":"","ocean_breadcrumbs_links_color":"","ocean_breadcrumbs_links_hover_color":"","ocean_display_footer_widgets":"default","ocean_display_footer_bottom":"default","ocean_custom_footer_template":"0","footnotes":""},"_links":{"self":[{"href":"https:\/\/missmann.cc\/index.php?rest_route=\/wp\/v2\/pages\/61"}],"collection":[{"href":"https:\/\/missmann.cc\/index.php?rest_route=\/wp\/v2\/pages"}],"about":[{"href":"https:\/\/missmann.cc\/index.php?rest_route=\/wp\/v2\/types\/page"}],"author":[{"embeddable":true,"href":"https:\/\/missmann.cc\/index.php?rest_route=\/wp\/v2\/users\/1"}],"replies":[{"embeddable":true,"href":"https:\/\/missmann.cc\/index.php?rest_route=%2Fwp%2Fv2%2Fcomments&post=61"}],"version-history":[{"count":1,"href":"https:\/\/missmann.cc\/index.php?rest_route=\/wp\/v2\/pages\/61\/revisions"}],"predecessor-version":[{"id":63,"href":"https:\/\/missmann.cc\/index.php?rest_route=\/wp\/v2\/pages\/61\/revisions\/63"}],"wp:attachment":[{"href":"https:\/\/missmann.cc\/index.php?rest_route=%2Fwp%2Fv2%2Fmedia&parent=61"}],"curies":[{"name":"wp","href":"https:\/\/api.w.org\/{rel}","templated":true}]}}