{"id":79,"date":"2021-01-06T05:56:07","date_gmt":"2021-01-06T05:56:07","guid":{"rendered":"https:\/\/missmann.cc\/?page_id=79"},"modified":"2021-01-12T02:11:32","modified_gmt":"2021-01-12T02:11:32","slug":"muscaris","status":"publish","type":"page","link":"https:\/\/missmann.cc\/?page_id=79","title":{"rendered":"Muscaris"},"content":{"rendered":"\n<div class=\"wp-block-media-text alignwide is-stacked-on-mobile is-image-fill\"><figure class=\"wp-block-media-text__media\" style=\"background-image:url(https:\/\/missmann.cc\/wp-content\/uploads\/2021\/01\/Pix-Weinrebe-3-1024x683.jpg);background-position:48% 21%\"><img loading=\"lazy\" decoding=\"async\" width=\"1024\" height=\"683\" src=\"https:\/\/missmann.cc\/wp-content\/uploads\/2021\/01\/Pix-Weinrebe-3-1024x683.jpg\" alt=\"\" class=\"wp-image-115 size-full\" srcset=\"https:\/\/missmann.cc\/wp-content\/uploads\/2021\/01\/Pix-Weinrebe-3-1024x683.jpg 1024w, https:\/\/missmann.cc\/wp-content\/uploads\/2021\/01\/Pix-Weinrebe-3-300x200.jpg 300w, https:\/\/missmann.cc\/wp-content\/uploads\/2021\/01\/Pix-Weinrebe-3-768x512.jpg 768w, https:\/\/missmann.cc\/wp-content\/uploads\/2021\/01\/Pix-Weinrebe-3-1536x1024.jpg 1536w, https:\/\/missmann.cc\/wp-content\/uploads\/2021\/01\/Pix-Weinrebe-3.jpg 1920w\" sizes=\"(max-width: 1024px) 100vw, 1024px\" \/><\/figure><div class=\"wp-block-media-text__content\">\n<p><strong>Muscaris \u2013 besser als Muskateller<\/strong><\/p>\n\n\n\n<blockquote class=\"wp-block-quote\"><p>Muscaris-Weine haben ein charakteristisches Bouquet, sind etwas verspielter als der klassische Muskateller und machen einfach Lust auf mehr.<\/p><\/blockquote>\n<\/div><\/div>\n\n\n\n<div class=\"wp-block-media-text alignwide is-stacked-on-mobile\"><figure class=\"wp-block-media-text__media\"><img loading=\"lazy\" decoding=\"async\" width=\"1024\" height=\"780\" src=\"https:\/\/missmann.cc\/wp-content\/uploads\/2021\/01\/Pex-Weintraube-5-1024x780.jpg\" alt=\"\" class=\"wp-image-113 size-full\" srcset=\"https:\/\/missmann.cc\/wp-content\/uploads\/2021\/01\/Pex-Weintraube-5-1024x780.jpg 1024w, https:\/\/missmann.cc\/wp-content\/uploads\/2021\/01\/Pex-Weintraube-5-300x229.jpg 300w, https:\/\/missmann.cc\/wp-content\/uploads\/2021\/01\/Pex-Weintraube-5-768x585.jpg 768w, https:\/\/missmann.cc\/wp-content\/uploads\/2021\/01\/Pex-Weintraube-5-1536x1170.jpg 1536w, https:\/\/missmann.cc\/wp-content\/uploads\/2021\/01\/Pex-Weintraube-5-2048x1560.jpg 2048w\" sizes=\"(max-width: 1024px) 100vw, 1024px\" \/><\/figure><div class=\"wp-block-media-text__content\">\n<p><strong>Die Traube<\/strong><\/p>\n\n\n\n<p>Die Farbe der Beeren reicht je nach Zustand der Reife und Reflexion des Sonnenlichtes von einem hellen gr\u00fcngelb bis hin zu goldgelben T\u00f6nen. \u00c4hnlich wie die Beeren des Muskatellers sind sie sehr fleischig und haben einen hohen Gehalt an Pektin. Die Beeren selbst weisen schon ein sehr starkes Bouquet auf. Dieses beinhaltet den Duft von zarten Rosenbl\u00fcten, fruchtigen exotischen und reifen Zitrusnoten. Die Fruchtaromen kommen von Maracuja, Limette, Orange und die Kr\u00e4uteraromen von Melisse.<\/p>\n\n\n\n<p><strong>Pflanzenschutz<\/strong><\/p>\n\n\n\n<p>Auf Pflanzenschutz kann in den meisten Jahren nahezu verzichtet werden. In Einzelf\u00e4llen m\u00fcssen wir bei hohem Infektionsdruck den echten Mehltau etwas im Auge behalten. Durch den Einsatz von nat\u00fcrlichen St\u00e4rkungsmitteln k\u00f6nnen wir die Pflanze gut unterst\u00fctzen.<\/p>\n<\/div><\/div>\n\n\n\n<div class=\"wp-block-media-text alignwide is-stacked-on-mobile\"><figure class=\"wp-block-media-text__media\"><img loading=\"lazy\" decoding=\"async\" width=\"1024\" height=\"925\" src=\"https:\/\/missmann.cc\/wp-content\/uploads\/2021\/01\/Weissweinglas-1-1-1-1024x925.jpg\" alt=\"\" class=\"wp-image-107 size-full\" srcset=\"https:\/\/missmann.cc\/wp-content\/uploads\/2021\/01\/Weissweinglas-1-1-1-1024x925.jpg 1024w, https:\/\/missmann.cc\/wp-content\/uploads\/2021\/01\/Weissweinglas-1-1-1-300x271.jpg 300w, https:\/\/missmann.cc\/wp-content\/uploads\/2021\/01\/Weissweinglas-1-1-1-768x694.jpg 768w, https:\/\/missmann.cc\/wp-content\/uploads\/2021\/01\/Weissweinglas-1-1-1-1536x1388.jpg 1536w, https:\/\/missmann.cc\/wp-content\/uploads\/2021\/01\/Weissweinglas-1-1-1-2048x1851.jpg 2048w\" sizes=\"(max-width: 1024px) 100vw, 1024px\" \/><\/figure><div class=\"wp-block-media-text__content\">\n<p><strong>Die Weine<\/strong><\/p>\n\n\n\n<p>Das stark fruchtige Bouquet des Muscaris macht Lust auf mehr und l\u00e4dt regelrecht zum Trinken ein. Die Frucht ist nicht so \u00fcberladen wie bei Muskatellerweinen, sondern eher eleganter, etwas feingliedriger und l\u00e4nger anhaltend im Abgang. Durch den h\u00f6heren S\u00e4uregehalt der Trauben im zu anderen Rebsorten erhalten Weine aus Muscaristrauben mehr Struktur und Tiefe.<\/p>\n\n\n\n<p>Das muskatellertypische Muskatbouquet wird untermalt von Rosend\u00fcften kombiniert mit der Frische von Limette, vollreifer Orange und Zitrone und unterst\u00fctzt durch reifen Pfirsich und Maracuja.<\/p>\n\n\n\n<p>Angenehme nat\u00fcrliche Tannine betonen die F\u00fclle der Weine des Muscaris.<\/p>\n<\/div><\/div>\n\n\n\n<div class=\"wp-block-file\"><a href=\"https:\/\/missmann.cc\/wp-content\/uploads\/2021\/01\/Sorteninfoblatt-Muscaris.pdf\">Sorteninfoblatt-Muscaris<\/a><a href=\"https:\/\/missmann.cc\/wp-content\/uploads\/2021\/01\/Sorteninfoblatt-Muscaris.pdf\" class=\"wp-block-file__button\" download>Herunterladen<\/a><\/div>\n\n\n\n<p><\/p>\n","protected":false},"excerpt":{"rendered":"<p>Muscaris \u2013 besser als Muskateller Muscaris-Weine haben ein charakteristisches Bouquet, sind etwas verspielter als der klassische Muskateller und machen einfach Lust auf mehr. Die Traube Die Farbe der Beeren reicht je nach Zustand der Reife und Reflexion des Sonnenlichtes von einem hellen gr\u00fcngelb bis hin zu goldgelben T\u00f6nen. \u00c4hnlich wie die Beeren des Muskatellers sind [&hellip;]<\/p>\n","protected":false},"author":1,"featured_media":0,"parent":0,"menu_order":0,"comment_status":"closed","ping_status":"closed","template":"","meta":{"ocean_post_layout":"full-width","ocean_both_sidebars_style":"","ocean_both_sidebars_content_width":0,"ocean_both_sidebars_sidebars_width":0,"ocean_sidebar":"0","ocean_second_sidebar":"0","ocean_disable_margins":"enable","ocean_add_body_class":"","ocean_shortcode_before_top_bar":"","ocean_shortcode_after_top_bar":"","ocean_shortcode_before_header":"","ocean_shortcode_after_header":"","ocean_has_shortcode":"","ocean_shortcode_after_title":"","ocean_shortcode_before_footer_widgets":"","ocean_shortcode_after_footer_widgets":"","ocean_shortcode_before_footer_bottom":"","ocean_shortcode_after_footer_bottom":"","ocean_display_top_bar":"default","ocean_display_header":"default","ocean_header_style":"","ocean_center_header_left_menu":"0","ocean_custom_header_template":"0","ocean_custom_logo":0,"ocean_custom_retina_logo":0,"ocean_custom_logo_max_width":0,"ocean_custom_logo_tablet_max_width":0,"ocean_custom_logo_mobile_max_width":0,"ocean_custom_logo_max_height":0,"ocean_custom_logo_tablet_max_height":0,"ocean_custom_logo_mobile_max_height":0,"ocean_header_custom_menu":"0","ocean_menu_typo_font_family":"0","ocean_menu_typo_font_subset":"","ocean_menu_typo_font_size":0,"ocean_menu_typo_font_size_tablet":0,"ocean_menu_typo_font_size_mobile":0,"ocean_menu_typo_font_size_unit":"px","ocean_menu_typo_font_weight":"","ocean_menu_typo_font_weight_tablet":"","ocean_menu_typo_font_weight_mobile":"","ocean_menu_typo_transform":"","ocean_menu_typo_transform_tablet":"","ocean_menu_typo_transform_mobile":"","ocean_menu_typo_line_height":0,"ocean_menu_typo_line_height_tablet":0,"ocean_menu_typo_line_height_mobile":0,"ocean_menu_typo_line_height_unit":"","ocean_menu_typo_spacing":0,"ocean_menu_typo_spacing_tablet":0,"ocean_menu_typo_spacing_mobile":0,"ocean_menu_typo_spacing_unit":"","ocean_menu_link_color":"","ocean_menu_link_color_hover":"","ocean_menu_link_color_active":"","ocean_menu_link_background":"","ocean_menu_link_hover_background":"","ocean_menu_link_active_background":"","ocean_menu_social_links_bg":"","ocean_menu_social_hover_links_bg":"","ocean_menu_social_links_color":"","ocean_menu_social_hover_links_color":"","ocean_disable_title":"on","ocean_disable_heading":"default","ocean_post_title":"","ocean_post_subheading":"","ocean_post_title_style":"","ocean_post_title_background_color":"","ocean_post_title_background":0,"ocean_post_title_bg_image_position":"","ocean_post_title_bg_image_attachment":"","ocean_post_title_bg_image_repeat":"","ocean_post_title_bg_image_size":"","ocean_post_title_height":0,"ocean_post_title_bg_overlay":0.5,"ocean_post_title_bg_overlay_color":"","ocean_disable_breadcrumbs":"default","ocean_breadcrumbs_color":"","ocean_breadcrumbs_separator_color":"","ocean_breadcrumbs_links_color":"","ocean_breadcrumbs_links_hover_color":"","ocean_display_footer_widgets":"default","ocean_display_footer_bottom":"default","ocean_custom_footer_template":"0","footnotes":""},"_links":{"self":[{"href":"https:\/\/missmann.cc\/index.php?rest_route=\/wp\/v2\/pages\/79"}],"collection":[{"href":"https:\/\/missmann.cc\/index.php?rest_route=\/wp\/v2\/pages"}],"about":[{"href":"https:\/\/missmann.cc\/index.php?rest_route=\/wp\/v2\/types\/page"}],"author":[{"embeddable":true,"href":"https:\/\/missmann.cc\/index.php?rest_route=\/wp\/v2\/users\/1"}],"replies":[{"embeddable":true,"href":"https:\/\/missmann.cc\/index.php?rest_route=%2Fwp%2Fv2%2Fcomments&post=79"}],"version-history":[{"count":18,"href":"https:\/\/missmann.cc\/index.php?rest_route=\/wp\/v2\/pages\/79\/revisions"}],"predecessor-version":[{"id":288,"href":"https:\/\/missmann.cc\/index.php?rest_route=\/wp\/v2\/pages\/79\/revisions\/288"}],"wp:attachment":[{"href":"https:\/\/missmann.cc\/index.php?rest_route=%2Fwp%2Fv2%2Fmedia&parent=79"}],"curies":[{"name":"wp","href":"https:\/\/api.w.org\/{rel}","templated":true}]}}